{"id":9147,"date":"2023-09-07T09:48:48","date_gmt":"2023-09-07T07:48:48","guid":{"rendered":"https:\/\/www.bralnotekmovanje.si\/naj-knjiga\/"},"modified":"2025-11-26T14:47:09","modified_gmt":"2025-11-26T13:47:09","slug":"il-miglior-libro","status":"publish","type":"page","link":"https:\/\/www.bralnotekmovanje.si\/it\/il-miglior-libro\/","title":{"rendered":"Il miglior libro"},"content":{"rendered":"<p>\r\n\t<div id=\"tedenski-promotor-section\"><\/div>\r\n<section class=\"pos-r  \"  id=\"shortcode-f0166e1037a655caa8de2b67af8774a9\" >\r\n\t\t<div class=\"fw-container\">\r\n\t\t<div class=\"fw-row\">\r\n\t\t\t<div id=\"shortcode-c107b15d1665fa4d7b910f7d3f0eae75\" class=\"fw-col-xs-12 fw-col-sm-12 fw-col-md-12 text-left \" >\r\n\t\r\n\r\n<div class=\"TextBlock  \" id=\"shortcode-1ad10e9b0f529b00be179d6ba421ab3b\" >\r\n\t<p>Alle libri pi\u00f9 letti e pi\u00f9 apprezzati nel concorso di lettura Rovka \u010crkolovka vengono assegnati riconoscimenti speciali.<br \/>Questi riconoscimenti sono evidenziati sul sito web con le icone qui sotto, accanto opisom knjig, oppure jih boste kot nalepke videvali na platnicah nagrajenih knjig.<\/p><p><div id='gallery-1' class='gallery galleryid-9147 gallery-columns-6 gallery-size-thumbnail'><figure class='gallery-item'>\n\t\t\t<div class='gallery-icon landscape'>\n\t\t\t\t<a href='https:\/\/www.bralnotekmovanje.si\/it\/il-miglior-libro\/nalepkerez-150x150-2\/'><img loading=\"lazy\" decoding=\"async\" width=\"150\" height=\"150\" src=\"https:\/\/www.bralnotekmovanje.si\/wp-content\/uploads\/2023\/09\/nalepkerez-150x150-1.jpg\" class=\"attachment-thumbnail size-thumbnail\" alt=\"\" srcset=\"https:\/\/www.bralnotekmovanje.si\/wp-content\/uploads\/2023\/09\/nalepkerez-150x150-1.jpg 150w, https:\/\/www.bralnotekmovanje.si\/wp-content\/uploads\/2023\/09\/nalepkerez-150x150-1-50x50.jpg 50w\" sizes=\"auto, (max-width: 150px) 100vw, 150px\" \/><\/a>\n\t\t\t<\/div><\/figure><figure class='gallery-item'>\n\t\t\t<div class='gallery-icon landscape'>\n\t\t\t\t<a href='https:\/\/www.bralnotekmovanje.si\/it\/il-miglior-libro\/nalepkerez4-150x150-2\/'><img loading=\"lazy\" decoding=\"async\" width=\"150\" height=\"150\" src=\"https:\/\/www.bralnotekmovanje.si\/wp-content\/uploads\/2023\/09\/nalepkerez4-150x150-1.jpg\" class=\"attachment-thumbnail size-thumbnail\" alt=\"\" srcset=\"https:\/\/www.bralnotekmovanje.si\/wp-content\/uploads\/2023\/09\/nalepkerez4-150x150-1.jpg 150w, https:\/\/www.bralnotekmovanje.si\/wp-content\/uploads\/2023\/09\/nalepkerez4-150x150-1-50x50.jpg 50w\" sizes=\"auto, (max-width: 150px) 100vw, 150px\" \/><\/a>\n\t\t\t<\/div><\/figure>\n\t\t<\/div>\n<\/p><\/div><\/div>\r\n\t\t<\/div>\r\n\t<\/div>\r\n\t<\/section>\r\n\r\n\t<div id=\"naj-knjige-section\"><\/div>\r\n<section class=\"pos-r  \"  id=\"shortcode-0e3dc824817bf41dc4bb26affd3b737f\" >\r\n\t\t<div class=\"fw-container\">\r\n\t\t<div class=\"fw-row\">\r\n\t\t\t<div id=\"shortcode-2c81d8b1d26ac9c9aa46951acc16cdc9\" class=\"fw-col-xs-12 fw-col-sm-12 fw-col-md-12 text-left \" >\r\n\t\r\n\r\n<div class=\"fw-tabs-container tabs-justified tabs-horizontal  \" id=\"fw-tabs-69de5b4739b73\" >\r\n\t<div class=\"fw-tabs\">\r\n\t\t<ul>\r\n\t\t\t\t\t\t<li>\r\n\t\t\t\t<a class=\"font-heading element-title\" href=\"#fw-tabs-69de5b4739b73-1\">\r\n\t\t\t\t\t<i class=\" tabs-icon\"><\/i>\r\n\t\t\t\t\t<span>2017\/2018<\/span>\r\n\t\t\t\t<\/a>\r\n\t\t\t<\/li>\r\n\t\t\t\t\t\t<li>\r\n\t\t\t\t<a class=\"font-heading element-title\" href=\"#fw-tabs-69de5b4739b73-2\">\r\n\t\t\t\t\t<i class=\" tabs-icon\"><\/i>\r\n\t\t\t\t\t<span>2016\/2017<\/span>\r\n\t\t\t\t<\/a>\r\n\t\t\t<\/li>\r\n\t\t\t\t\t<\/ul>\r\n\t<\/div>\r\n\t\t\t<div class=\"fw-tab-content\" id=\"fw-tabs-69de5b4739b73-1\">\r\n\t\t\t<h2>I libri pi\u00f9 letti nel concorso di lettura nell\u2019anno scolastico 2017\/2018:<\/h2><p><img loading=\"lazy\" decoding=\"async\" class=\"wp-image-2902 size-full aligncenter\" src=\"http:\/\/www.bralnotekmovanje.si\/wp-content\/uploads\/2023\/09\/zakljucna-prireditev-2018.jpg\" alt=\"\" width=\"960\" height=\"540\" srcset=\"https:\/\/www.bralnotekmovanje.si\/wp-content\/uploads\/2023\/09\/zakljucna-prireditev-2018.jpg 960w, https:\/\/www.bralnotekmovanje.si\/wp-content\/uploads\/2023\/09\/zakljucna-prireditev-2018-300x169.jpg 300w, https:\/\/www.bralnotekmovanje.si\/wp-content\/uploads\/2023\/09\/zakljucna-prireditev-2018-768x432.jpg 768w, https:\/\/www.bralnotekmovanje.si\/wp-content\/uploads\/2023\/09\/zakljucna-prireditev-2018-184x104.jpg 184w\" sizes=\"auto, (max-width: 960px) 100vw, 960px\" \/><\/p><p><img loading=\"lazy\" decoding=\"async\" class=\"wp-image-2906 size-full aligncenter\" src=\"http:\/\/www.bralnotekmovanje.si\/wp-content\/uploads\/2023\/09\/zakljucna-prireditev-2018-naj-knjige.jpg\" alt=\"\" width=\"960\" height=\"540\" srcset=\"https:\/\/www.bralnotekmovanje.si\/wp-content\/uploads\/2023\/09\/zakljucna-prireditev-2018-naj-knjige.jpg 960w, https:\/\/www.bralnotekmovanje.si\/wp-content\/uploads\/2023\/09\/zakljucna-prireditev-2018-naj-knjige-300x169.jpg 300w, https:\/\/www.bralnotekmovanje.si\/wp-content\/uploads\/2023\/09\/zakljucna-prireditev-2018-naj-knjige-768x432.jpg 768w, https:\/\/www.bralnotekmovanje.si\/wp-content\/uploads\/2023\/09\/zakljucna-prireditev-2018-naj-knjige-184x104.jpg 184w\" sizes=\"auto, (max-width: 960px) 100vw, 960px\" \/><\/p><h2 style=\"text-align: left;\">I libri pi\u00f9 apprezzati nel concorso di lettura nell\u2019anno scolastico 2017\/2018:<\/h2><p><img loading=\"lazy\" decoding=\"async\" class=\"aligncenter wp-image-2909 size-full\" src=\"http:\/\/www.bralnotekmovanje.si\/wp-content\/uploads\/2023\/09\/naj-knjiga-2018-vsecki.jpg\" alt=\"\" width=\"960\" height=\"540\" srcset=\"https:\/\/www.bralnotekmovanje.si\/wp-content\/uploads\/2023\/09\/naj-knjiga-2018-vsecki.jpg 960w, https:\/\/www.bralnotekmovanje.si\/wp-content\/uploads\/2023\/09\/naj-knjiga-2018-vsecki-300x169.jpg 300w, https:\/\/www.bralnotekmovanje.si\/wp-content\/uploads\/2023\/09\/naj-knjiga-2018-vsecki-768x432.jpg 768w, https:\/\/www.bralnotekmovanje.si\/wp-content\/uploads\/2023\/09\/naj-knjiga-2018-vsecki-184x104.jpg 184w\" sizes=\"auto, (max-width: 960px) 100vw, 960px\" \/><\/p><p><img loading=\"lazy\" decoding=\"async\" class=\"aligncenter wp-image-2911 size-full\" src=\"http:\/\/www.bralnotekmovanje.si\/wp-content\/uploads\/2023\/09\/naj-knjiga-2018-vsecki6.jpg\" alt=\"\" width=\"960\" height=\"540\" srcset=\"https:\/\/www.bralnotekmovanje.si\/wp-content\/uploads\/2023\/09\/naj-knjiga-2018-vsecki6.jpg 960w, https:\/\/www.bralnotekmovanje.si\/wp-content\/uploads\/2023\/09\/naj-knjiga-2018-vsecki6-300x169.jpg 300w, https:\/\/www.bralnotekmovanje.si\/wp-content\/uploads\/2023\/09\/naj-knjiga-2018-vsecki6-768x432.jpg 768w, https:\/\/www.bralnotekmovanje.si\/wp-content\/uploads\/2023\/09\/naj-knjiga-2018-vsecki6-184x104.jpg 184w\" sizes=\"auto, (max-width: 960px) 100vw, 960px\" \/><\/p>\t\t<\/div>\r\n\t\t\t<div class=\"fw-tab-content\" id=\"fw-tabs-69de5b4739b73-2\">\r\n\t\t\t<h2>I libri pi\u00f9 letti nel concorso di lettura nell\u2019anno scolastico 2016\/2017:<\/h2><p><img loading=\"lazy\" decoding=\"async\" class=\"aligncenter wp-image-2916 size-full\" src=\"http:\/\/www.bralnotekmovanje.si\/wp-content\/uploads\/2023\/09\/naj-knjige.jpg\" alt=\"\" width=\"960\" height=\"540\" srcset=\"https:\/\/www.bralnotekmovanje.si\/wp-content\/uploads\/2023\/09\/naj-knjige.jpg 960w, https:\/\/www.bralnotekmovanje.si\/wp-content\/uploads\/2023\/09\/naj-knjige-300x169.jpg 300w, https:\/\/www.bralnotekmovanje.si\/wp-content\/uploads\/2023\/09\/naj-knjige-768x432.jpg 768w, https:\/\/www.bralnotekmovanje.si\/wp-content\/uploads\/2023\/09\/naj-knjige-184x104.jpg 184w\" sizes=\"auto, (max-width: 960px) 100vw, 960px\" \/><\/p><p>&nbsp;<\/p><p><b>4\u00b0 posto:<\/b>&nbsp;David Walliams: La nonna gangster (83)<br \/><b>5\u00b0 posto:<\/b>&nbsp;George R.R. Martin: Il drago di ghiaccio (76)<br \/><b>6\u00b0 posto:<\/b>&nbsp;Jeremy Strong: Il fantasma nella vasca da bagno (70)<br \/><b>7\u00b0 posto:&nbsp;<\/b>David Walliams: Il bambino milionario (66)<br \/><b>8\u00b0 posto:<\/b>&nbsp;David Walliams: La dentista cattiva (60)<br \/><b>9\u00b0 posto:<\/b>&nbsp;Uro\u0161 Hrovat: I pomodori vampiri (58)<br \/><b>10\u00b0 posto:&nbsp;<\/b>Neil Gaiman: E il latte? (53)<\/p><h2>&nbsp;<\/h2><h2>I libri pi\u00f9 apprezzati nel concorso di lettura nell\u2019anno scolastico 2016\/2017:<\/h2><p><img loading=\"lazy\" decoding=\"async\" class=\"aligncenter wp-image-2919 size-full\" src=\"http:\/\/www.bralnotekmovanje.si\/wp-content\/uploads\/2023\/09\/naj-knjige2.jpg\" alt=\"\" width=\"960\" height=\"540\" srcset=\"https:\/\/www.bralnotekmovanje.si\/wp-content\/uploads\/2023\/09\/naj-knjige2.jpg 960w, https:\/\/www.bralnotekmovanje.si\/wp-content\/uploads\/2023\/09\/naj-knjige2-300x169.jpg 300w, https:\/\/www.bralnotekmovanje.si\/wp-content\/uploads\/2023\/09\/naj-knjige2-768x432.jpg 768w, https:\/\/www.bralnotekmovanje.si\/wp-content\/uploads\/2023\/09\/naj-knjige2-184x104.jpg 184w\" sizes=\"auto, (max-width: 960px) 100vw, 960px\" \/><\/p><p>&nbsp;<\/p><p><b>4\u00b0 posto:<\/b>&nbsp;Tosca Menten: La mummia Dumy e lo scarabeo d\u2019oro (145,15)<br \/><b>5\u00b0 posto:<\/b>&nbsp;Federico Appel: Ricordi di Alessandro (139,34)<br \/><b>6\u00b0 posto:<\/b>&nbsp;Ana Campoy: Le avventure di Alfred e Agatha. Dieci uccelli Elster (139,30)<br \/><b>7\u00b0 posto:&nbsp;<\/b>Cressida Cowell: Come diventare un pirata (137,63)<br \/><b>8\u00b0 posto:<\/b>&nbsp;James Patterson: Scuola terrificante, gli anni peggiori della mia vita (136,00)<br \/><b>9\u00b0 posto:<\/b>&nbsp;George R.R. Martin: Il drago di ghiaccio (135,58)<br \/><b>10\u00b0 posto:&nbsp;<\/b>Reine De Pelseneer: La molletta (134,90)<\/p>\t\t<\/div>\r\n\t<\/div><\/div>\r\n\t\t<\/div>\r\n\t<\/div>\r\n\t<\/section>\r\n<\/p>\n","protected":false},"excerpt":{"rendered":"<p>Alle libri pi\u00f9 letti e pi\u00f9 apprezzati nel concorso di lettura Rovka \u010crkolovka vengono assegnati riconoscimenti speciali.Questi riconoscimenti sono evidenziati sul sito web con le icone qui sotto, accanto opisom knjig, oppure jih boste kot nalepke videvali na platnicah nagrajenih knjig. 2017\/2018 2016\/2017 I libri pi\u00f9 letti nel concorso di lettura nell\u2019anno scolastico 2017\/2018:I libri&#8230;<\/p>\n","protected":false},"author":1,"featured_media":0,"parent":0,"menu_order":0,"comment_status":"closed","ping_status":"closed","template":"","meta":{"_acf_changed":false,"ngg_post_thumbnail":0,"footnotes":""},"class_list":["post-9147","page","type-page","status-publish","hentry"],"acf":[],"_links":{"self":[{"href":"https:\/\/www.bralnotekmovanje.si\/it\/wp-json\/wp\/v2\/pages\/9147","targetHints":{"allow":["GET"]}}],"collection":[{"href":"https:\/\/www.bralnotekmovanje.si\/it\/wp-json\/wp\/v2\/pages"}],"about":[{"href":"https:\/\/www.bralnotekmovanje.si\/it\/wp-json\/wp\/v2\/types\/page"}],"author":[{"embeddable":true,"href":"https:\/\/www.bralnotekmovanje.si\/it\/wp-json\/wp\/v2\/users\/1"}],"replies":[{"embeddable":true,"href":"https:\/\/www.bralnotekmovanje.si\/it\/wp-json\/wp\/v2\/comments?post=9147"}],"version-history":[{"count":2,"href":"https:\/\/www.bralnotekmovanje.si\/it\/wp-json\/wp\/v2\/pages\/9147\/revisions"}],"predecessor-version":[{"id":9149,"href":"https:\/\/www.bralnotekmovanje.si\/it\/wp-json\/wp\/v2\/pages\/9147\/revisions\/9149"}],"wp:attachment":[{"href":"https:\/\/www.bralnotekmovanje.si\/it\/wp-json\/wp\/v2\/media?parent=9147"}],"curies":[{"name":"wp","href":"https:\/\/api.w.org\/{rel}","templated":true}]}}