{"id":9139,"date":"2017-08-17T09:13:21","date_gmt":"2017-08-17T07:13:21","guid":{"rendered":"https:\/\/www.bralnotekmovanje.si\/rovka-crkolovka-o-meni\/"},"modified":"2025-11-26T14:24:55","modified_gmt":"2025-11-26T13:24:55","slug":"rovka-crkolovka-o-meni","status":"publish","type":"page","link":"https:\/\/www.bralnotekmovanje.si\/it\/rovka-crkolovka-o-meni\/","title":{"rendered":"Rovka \u010crkolovka"},"content":{"rendered":"<p>\r\n<section class=\"pos-r  \"  id=\"shortcode-9d990bb371641d0b5662024b0232466a\" >\r\n\t\t<div class=\"fw-container\">\r\n\t\t<div class=\"fw-row\">\r\n\t\t\t<div id=\"shortcode-e87de1a2dc5bae68de25db04a2992078\" class=\"fw-col-xs-12 fw-col-sm-12 fw-col-md-12 text-left \" >\r\n\t\r\n\r\n<div class=\"SpecialTextBlock special-text-block-color special-text-block-has-image pos-r  \" id=\"shortcode-0ce54fa5d6b07be75a6848cabca16bdd\" >\r\n\t\r\n\t\t<div class=\"SpecialHeading fw-heading mb-40\">\r\n\t\t<h2 class=\"special-title special-heading-letter\">Rovka \u010crkolovka<\/h2>\r\n\t\t\t\t<div class=\"special-subtitle\">Mascotte della Biblioteca Sre\u010dko Vilhar di Capodistria<\/div>\r\n\t\t\t<\/div>\r\n\t\t\t<div class=\"special-text-block-image\">\t\t\r\n\t\t<div class=\"bg-image\" data-bg-image=\"\/\/www.bralnotekmovanje.si\/wp-content\/uploads\/2023\/11\/ROVKA-CRKOLOVKA-E2-FINAL-DESIGN-logo-na-knjigi-1-e1699357864641.png\"><\/div>\r\n\t<\/div>\r\n\t\t\t\t\t\t<div class=\"special-text-block-content section-light font-subheading\">\r\n\t\t\t\t<p data-start=\"121\" data-end=\"350\">Nel Reparto per i Giovani Lettori abbiamo una nuova coinquilina dall\u2019ottobre 2015.<br data-start=\"203\" data-end=\"206\">\u00c8 la nostra Rovka \u010crkolovka, che proviene dalla riserva naturale di \u0160kocjanski Zatok.<br data-start=\"291\" data-end=\"294\">L\u2019abbiamo chiamata cos\u00ec per via del suo piccolo segreto.<\/p><p data-start=\"352\" data-end=\"607\">Ogni volta che la topolina legge un libro o \u201cmangia\u201d una lettera, cresce di qualche millimetro;<br data-start=\"447\" data-end=\"450\">e poich\u00e9 tra i libri si sente molto bene, la biblioteca \u00e8 diventata la sua nuova casa.<br data-start=\"536\" data-end=\"539\">L\u00ec ha gi\u00e0 letto quasi tutti i libri ed \u00e8 diventata una vera gigante.<\/p>\t<\/div>\r\n\t\t\r\n<\/div> <!-- end SpecialTextBlock --><\/div>\r\n\t\t<\/div>\r\n\t<\/div>\r\n\t<\/section>\r\n\r\n<section class=\"pos-r  \"  id=\"shortcode-4f0a43bdf34523a261508df3c3efb80c\" >\r\n\t\t<div class=\"fw-container\">\r\n\t\t<div class=\"fw-row\">\r\n\t\t\t<div id=\"shortcode-6b5415584677a74a45b2392b2a4ec45d\" class=\"fw-col-xs-12 fw-col-sm-12 fw-col-md-6 text-left \" >\r\n\t\r\n\r\n<div class=\"spacer \" id=\"shortcode-4d60949eeb0143befb3f5ff956441331\"><\/div><div class=\"SpecialHeading fw-heading  text-left mt-20 mb-60  \" id=\"shortcode-bc9b553f2c90bdcea531118744a5840d\" >\r\n\t\t\t\t\t<h5 class=\"special-title special-heading-letter\">Etru\u0161\u010danska rovka<\/h5>\t<\/div>\r\n\r\n<div class=\"TextBlock  \" id=\"shortcode-8ee0780d80bb8b34be0185b336e9049c\" >\r\n\t<p><span class=\"ng-directive ng-binding\">La Rovka \u010crkolovka proviene dalla riserva naturale di \u0160kocjanski Zatok.<br data-start=\"192\" data-end=\"195\">Il suo nome scientifico \u00e8 \u201ctoporagno etrusco\u201d (<em data-start=\"242\" data-end=\"259\">Suncus etruscus<\/em>).<br data-start=\"261\" data-end=\"264\">\u00c8 il pi\u00f9 piccolo mammifero del mondo: con la coda misura al massimo 4 cm di lunghezza e pesa solo 1,8 grammi.<\/span><\/p><\/div><\/div>\r\n<div id=\"shortcode-12a8875079842b4b32b9759b7aa24fca\" class=\"fw-col-xs-12 fw-col-sm-12 fw-col-md-6 text-left \" >\r\n\t<img decoding=\"async\" src=\"\/\/www.bralnotekmovanje.si\/wp-content\/uploads\/2023\/09\/etruscanska-rovka_Lovrenc-Lipej1-1024x704-1.jpg\" alt=\"\/\/www.bralnotekmovanje.si\/wp-content\/uploads\/2023\/09\/etruscanska-rovka_Lovrenc-Lipej1-1024x704-1.jpg\" class=\" \" data-wow-delay=\"\" \/><\/div>\r\n\t\t<\/div>\r\n\t<\/div>\r\n\t<\/section>\r\n\r\n<section class=\"pos-r  \"  id=\"shortcode-3df40795bf5c5bab14834d052c0b4dee\" >\r\n\t\t<div class=\"fw-container\">\r\n\t\t<div class=\"fw-row\">\r\n\t\t\t<div id=\"shortcode-bb5073c2e9d3ad3df6f183c53cac8203\" class=\"fw-col-xs-12 fw-col-sm-12 fw-col-md-12 text-left \" >\r\n\t\r\n\r\n<div class=\"SpecialTextBlock special-text-block-color special-text-block-has-image pos-r  \" id=\"shortcode-cf3d7c71508a2a6b398f51c40948916e\" >\r\n\t\r\n\t\t<div class=\"SpecialHeading fw-heading mb-40\">\r\n\t\t<h2 class=\"special-title special-heading-letter\">L\u2019albo illustrato di Rovka<\/h2>\r\n\t\t\t\t<div class=\"special-subtitle\">in collaborazione con la casa editrice \u0160krateljc e la Riserva Naturale di \u0160kocjanski Zatok<\/div>\r\n\t\t\t<\/div>\r\n\t\t\t<div class=\"special-text-block-image\">\t\t\r\n\t\t<div class=\"bg-image\" data-bg-image=\"\/\/www.bralnotekmovanje.si\/wp-content\/uploads\/2023\/11\/rovka-crkolovka-naslovka.jpg\"><\/div>\r\n\t<\/div>\r\n\t\t\t\t\t\t<div class=\"special-text-block-content section-light font-subheading\">\r\n\t\t\t\t<p data-start=\"131\" data-end=\"526\">Nella Biblioteca Centrale Sre\u010dko Vilhar di Capodistria, in collaborazione con la casa editrice \u0160krateljc e la Riserva Naturale di \u0160kocjanski Zatok, abbiamo pubblicato l\u2019albo illustrato intitolato <em data-start=\"327\" data-end=\"344\">Rovka \u010crkolovka<\/em>, con il quale annunciamo il primo percorso fiabesco nel Comune Cittadino di Capodistria.<br data-start=\"433\" data-end=\"436\">Al progetto ha aderito anche Luka Koper, che cofinanzier\u00e0 una parte del percorso fiabesco.<\/p><p data-start=\"528\" data-end=\"846\">Il primo passo verso la realizzazione del percorso \u00e8 proprio la pubblicazione dell\u2019albo illustrato, poich\u00e9 rappresenta il filo conduttore dell\u2019esperienza fiabesca per famiglie, gruppi scolastici e gruppi della scuola dell\u2019infanzia.<br data-start=\"759\" data-end=\"762\">L\u2019autore dell\u2019albo illustrato \u00e8 Uro\u0161 Grilc, direttore della casa editrice \u0160krateljc.<\/p>\t<\/div>\r\n\t\t\r\n<\/div> <!-- end SpecialTextBlock --><\/div>\r\n\t\t<\/div>\r\n\t<\/div>\r\n\t<\/section>\r\n<\/p>\n","protected":false},"excerpt":{"rendered":"<p>Rovka \u010crkolovka Mascotte della Biblioteca Sre\u010dko Vilhar di Capodistria Nel Reparto per i Giovani Lettori abbiamo una nuova coinquilina dall\u2019ottobre 2015.\u00c8 la nostra Rovka \u010crkolovka, che proviene dalla riserva naturale di \u0160kocjanski Zatok.L\u2019abbiamo chiamata cos\u00ec per via del suo piccolo segreto.Ogni volta che la topolina legge un libro o \u201cmangia\u201d una lettera, cresce di qualche&#8230;<\/p>\n","protected":false},"author":1,"featured_media":0,"parent":0,"menu_order":0,"comment_status":"closed","ping_status":"closed","template":"","meta":{"_acf_changed":false,"ngg_post_thumbnail":0,"footnotes":""},"class_list":["post-9139","page","type-page","status-publish","hentry"],"acf":[],"_links":{"self":[{"href":"https:\/\/www.bralnotekmovanje.si\/it\/wp-json\/wp\/v2\/pages\/9139","targetHints":{"allow":["GET"]}}],"collection":[{"href":"https:\/\/www.bralnotekmovanje.si\/it\/wp-json\/wp\/v2\/pages"}],"about":[{"href":"https:\/\/www.bralnotekmovanje.si\/it\/wp-json\/wp\/v2\/types\/page"}],"author":[{"embeddable":true,"href":"https:\/\/www.bralnotekmovanje.si\/it\/wp-json\/wp\/v2\/users\/1"}],"replies":[{"embeddable":true,"href":"https:\/\/www.bralnotekmovanje.si\/it\/wp-json\/wp\/v2\/comments?post=9139"}],"version-history":[{"count":3,"href":"https:\/\/www.bralnotekmovanje.si\/it\/wp-json\/wp\/v2\/pages\/9139\/revisions"}],"predecessor-version":[{"id":9142,"href":"https:\/\/www.bralnotekmovanje.si\/it\/wp-json\/wp\/v2\/pages\/9139\/revisions\/9142"}],"wp:attachment":[{"href":"https:\/\/www.bralnotekmovanje.si\/it\/wp-json\/wp\/v2\/media?parent=9139"}],"curies":[{"name":"wp","href":"https:\/\/api.w.org\/{rel}","templated":true}]}}