{"id":9090,"date":"2023-08-30T11:55:24","date_gmt":"2023-08-30T09:55:24","guid":{"rendered":"https:\/\/www.bralnotekmovanje.si\/nagrade\/"},"modified":"2025-11-26T10:20:36","modified_gmt":"2025-11-26T09:20:36","slug":"premi","status":"publish","type":"page","link":"https:\/\/www.bralnotekmovanje.si\/it\/premi\/","title":{"rendered":"Premi"},"content":{"rendered":"\r\n<section class=\"pos-r  \"  id=\"shortcode-82ce91c57980fcc2408698dac95bf728\" >\r\n\t\t<div class=\"fw-container\">\r\n\t\t<div class=\"fw-row\">\r\n\t\t\t<div id=\"shortcode-0339281bd95c170a56ba14769c4fb2e6\" class=\"fw-col-xs-12 fw-col-sm-12 fw-col-md-6 text-left \" >\r\n\t<img decoding=\"async\" src=\"\/\/www.bralnotekmovanje.si\/wp-content\/uploads\/2023\/08\/london-997015_960_720.jpg\" alt=\"\/\/www.bralnotekmovanje.si\/wp-content\/uploads\/2023\/08\/london-997015_960_720.jpg\" class=\" \" data-wow-delay=\"\" \/><\/div>\r\n<div id=\"shortcode-acbef7a3620a73da784b86c5e16c8a7c\" class=\"fw-col-xs-12 fw-col-sm-12 fw-col-md-6 text-left \" >\r\n\t\r\n\r\n<div class=\"TextBlock  \" id=\"shortcode-4ea539dbe305c8523ae413b2800af38f\" >\r\n\t<p>La premiazione principale del concorso di lettura \u00e8 una gita di un giorno per la classe vincitrice. La destinazione scelta sar\u00e0 comunicata in tempo utile. L'anno scorso i vincitori hanno visitato la casa natale di Trubar a Ra\u0161ica.<\/p><p>Oltre al premio principale, i singoli partecipanti possono ottenere un riconoscimento come miglior lettore, se tra tutti i concorrenti avete letto il maggior numero di libri.<\/p><p>Un premio viene assegnato anche agli studenti che hanno scritto e pubblicato la migliore recensione del libro letto.<\/p><p>Saranno premiate anche tutte le opere artistiche realizzate sul tema del concorso di lettura o ispirate ai contenuti dei libri letti.<\/p><p>Tutti i partecipanti riceveranno, al termine del concorso, un attestato di partecipazione Rovkina.<\/p><\/div><\/div>\r\n\t\t<\/div>\r\n\t<\/div>\r\n\t<\/section>\r\n\n","protected":false},"excerpt":{"rendered":"<p>La premiazione principale del concorso di lettura \u00e8 una gita di un giorno per la classe vincitrice. La destinazione scelta sar\u00e0 comunicata in tempo utile. L&#8217;anno scorso i vincitori hanno visitato la casa natale di Trubar a Ra\u0161ica.Oltre al premio principale, i singoli partecipanti possono ottenere un riconoscimento come miglior lettore, se tra tutti i&#8230;<\/p>\n","protected":false},"author":1,"featured_media":0,"parent":0,"menu_order":0,"comment_status":"closed","ping_status":"closed","template":"","meta":{"_acf_changed":false,"ngg_post_thumbnail":0,"footnotes":""},"class_list":["post-9090","page","type-page","status-publish","hentry"],"acf":[],"_links":{"self":[{"href":"https:\/\/www.bralnotekmovanje.si\/it\/wp-json\/wp\/v2\/pages\/9090","targetHints":{"allow":["GET"]}}],"collection":[{"href":"https:\/\/www.bralnotekmovanje.si\/it\/wp-json\/wp\/v2\/pages"}],"about":[{"href":"https:\/\/www.bralnotekmovanje.si\/it\/wp-json\/wp\/v2\/types\/page"}],"author":[{"embeddable":true,"href":"https:\/\/www.bralnotekmovanje.si\/it\/wp-json\/wp\/v2\/users\/1"}],"replies":[{"embeddable":true,"href":"https:\/\/www.bralnotekmovanje.si\/it\/wp-json\/wp\/v2\/comments?post=9090"}],"version-history":[{"count":4,"href":"https:\/\/www.bralnotekmovanje.si\/it\/wp-json\/wp\/v2\/pages\/9090\/revisions"}],"predecessor-version":[{"id":9306,"href":"https:\/\/www.bralnotekmovanje.si\/it\/wp-json\/wp\/v2\/pages\/9090\/revisions\/9306"}],"wp:attachment":[{"href":"https:\/\/www.bralnotekmovanje.si\/it\/wp-json\/wp\/v2\/media?parent=9090"}],"curies":[{"name":"wp","href":"https:\/\/api.w.org\/{rel}","templated":true}]}}