{"id":9087,"date":"2023-08-30T11:53:43","date_gmt":"2023-08-30T09:53:43","guid":{"rendered":"https:\/\/www.bralnotekmovanje.si\/sodelujoci\/"},"modified":"2025-11-26T08:44:13","modified_gmt":"2025-11-26T07:44:13","slug":"partecipanti","status":"publish","type":"page","link":"https:\/\/www.bralnotekmovanje.si\/it\/partecipanti\/","title":{"rendered":"Partecipanti"},"content":{"rendered":"\r\n<section class=\"pos-r  \"  id=\"shortcode-dc08e750571346f57df09b74913c68f9\" >\r\n\t\t<div class=\"fw-container\">\r\n\t\t<div class=\"fw-row\">\r\n\t\t\t<div id=\"shortcode-f1bddd199fedef241edb019de76eeb40\" class=\"fw-col-xs-12 fw-col-sm-12 fw-col-md-12 text-left \" >\r\n\t\r\n\r\n<div class=\"TextBlock  \" id=\"shortcode-9ccc9a95c72d454a43ddc09df4b52d5a\" >\r\n\t<p>V \u0161olskem letu 2016\/2017 je v bralnem tekmovanju sodelovalo 11 osnovnih \u0161ol ob\u010dine Koper, Izola in Ankaran, skupno 18 razredov, kar predstavlja pribli\u017eno 350 u\u010dencev.<\/p><\/div>\r\n\r\n<div class=\"TextBlock  \" id=\"shortcode-d526db281fc36887f4c6537365dc4abf\" >\r\n\t<p>ngg_shortcode_0_placeholder<\/p><\/div><\/div>\r\n\t\t<\/div>\r\n\t<\/div>\r\n\t<\/section>\r\n\n","protected":false},"excerpt":{"rendered":"<p>V \u0161olskem letu 2016\/2017 je v bralnem tekmovanju sodelovalo 11 osnovnih \u0161ol ob\u010dine Koper, Izola in Ankaran, skupno 18 razredov, kar predstavlja pribli\u017eno 350 u\u010dencev. ngg_shortcode_1_placeholder<\/p>\n","protected":false},"author":1,"featured_media":0,"parent":0,"menu_order":0,"comment_status":"closed","ping_status":"closed","template":"","meta":{"_acf_changed":false,"ngg_post_thumbnail":0,"footnotes":""},"class_list":["post-9087","page","type-page","status-publish","hentry"],"acf":[],"_links":{"self":[{"href":"https:\/\/www.bralnotekmovanje.si\/it\/wp-json\/wp\/v2\/pages\/9087","targetHints":{"allow":["GET"]}}],"collection":[{"href":"https:\/\/www.bralnotekmovanje.si\/it\/wp-json\/wp\/v2\/pages"}],"about":[{"href":"https:\/\/www.bralnotekmovanje.si\/it\/wp-json\/wp\/v2\/types\/page"}],"author":[{"embeddable":true,"href":"https:\/\/www.bralnotekmovanje.si\/it\/wp-json\/wp\/v2\/users\/1"}],"replies":[{"embeddable":true,"href":"https:\/\/www.bralnotekmovanje.si\/it\/wp-json\/wp\/v2\/comments?post=9087"}],"version-history":[{"count":2,"href":"https:\/\/www.bralnotekmovanje.si\/it\/wp-json\/wp\/v2\/pages\/9087\/revisions"}],"predecessor-version":[{"id":9089,"href":"https:\/\/www.bralnotekmovanje.si\/it\/wp-json\/wp\/v2\/pages\/9087\/revisions\/9089"}],"wp:attachment":[{"href":"https:\/\/www.bralnotekmovanje.si\/it\/wp-json\/wp\/v2\/media?parent=9087"}],"curies":[{"name":"wp","href":"https:\/\/api.w.org\/{rel}","templated":true}]}}