{"id":9081,"date":"2023-08-30T11:46:49","date_gmt":"2023-08-30T09:46:49","guid":{"rendered":"https:\/\/www.bralnotekmovanje.si\/pogosta-vprasanja\/"},"modified":"2025-11-26T08:31:11","modified_gmt":"2025-11-26T07:31:11","slug":"domande-frequenti","status":"publish","type":"page","link":"https:\/\/www.bralnotekmovanje.si\/it\/domande-frequenti\/","title":{"rendered":"Domande frequenti"},"content":{"rendered":"\r\n<section class=\"pos-r  \"  id=\"shortcode-a6cdd710f61f219d9435f9d4db8e3087\" >\r\n\t\t<div class=\"fw-container\">\r\n\t\t<div class=\"fw-row\">\r\n\t\t\t<div id=\"shortcode-dbed99e81e845b62c9812d27b4ceaa09\" class=\"fw-col-xs-12 fw-col-sm-12 fw-col-md-12 text-left \" >\r\n\t\r\n\r\n<div class=\"fw-accordion  \" id=\"shortcode-d0f0a932f1e35389abea41ac4985f2c7\" >\r\n\t\t\t<h3 class=\"fw-accordion-title font-subheading\">Posso pubblicare i commenti sul sito da casa?<\/h3>\r\n\t\t<div class=\"fw-accordion-content\">\r\n\t\t\t<p><p>S\u00ec, \u00e8 consigliabile pubblicare commenti, opinioni e valutazioni gi\u00e0 da casa. Per pubblicare devi essere registrato. Quando inserisci un\u2019opinione, devi anche aggiungere la valutazione con le stelline e viceversa.<\/p><\/p>\r\n\t\t<\/div>\r\n\t\t\t<h3 class=\"fw-accordion-title font-subheading\">Posso svolgere i quiz da casa?<\/h3>\r\n\t\t<div class=\"fw-accordion-content\">\r\n\t\t\t<p><p>S\u00ec, tutti i quiz possono essere svolti da casa, a meno che non ti sia accordato con l\u2019insegnante di farli insieme a scuola. Prima di iniziare il quiz devi accedere al sistema, cos\u00ec potremo registrare i tuoi risultati.<\/p><\/p>\r\n\t\t<\/div>\r\n\t\t\t<h3 class=\"fw-accordion-title font-subheading\">Quando apro un quiz, mi compaiono i risultati o il nome dell\u2019alunno precedente. Cosa devo fare?<\/h3>\r\n\t\t<div class=\"fw-accordion-content\">\r\n\t\t\t<p><p>Apri il quiz con il tasto destro del mouse e seleziona <em data-start=\"895\" data-end=\"933\">apri il link in una finestra privata<\/em> (senza cronologia).<\/p><\/p>\r\n\t\t<\/div>\r\n\t\t\t<h3 class=\"fw-accordion-title font-subheading\">La classe pu\u00f2 partecipare alla selezione finale dei vincitori anche se non tutti i compagni hanno letto almeno un libro?<\/h3>\r\n\t\t<div class=\"fw-accordion-content\">\r\n\t\t\t<p><p>No, purtroppo in questo caso la classe viene squalificata. Tutti gli iscritti al concorso devono leggere almeno un libro. Ricorda ai tuoi compagni di sbrigarsi con la lettura, cos\u00ec non perderete il premio finale.<\/p><\/p>\r\n\t\t<\/div>\r\n\t\t\t<h3 class=\"fw-accordion-title font-subheading\">La classe pu\u00f2 partecipare al concorso anche se alcuni alunni non si iscrivono?<\/h3>\r\n\t\t<div class=\"fw-accordion-content\">\r\n\t\t\t<p><p data-start=\"1387\" data-end=\"1502\">Certamente, la classe pu\u00f2 comunque partecipare. Gli alunni non iscritti non vengono considerati nel calcolo finale.<\/p><p data-start=\"1504\" data-end=\"1670\">Attenzione per\u00f2: per una registrazione valida \u00e8 necessario che partecipi almeno il 70% della classe.<br data-start=\"1604\" data-end=\"1607\">Ad esempio: se siete in 22, devono iscriversi almeno 15 alunni.<\/p><\/p>\r\n\t\t<\/div>\r\n\t\t\t<h3 class=\"fw-accordion-title font-subheading\">In caso di vittoria, possono partecipare all\u2019uscita premio anche gli alunni della classe vincitrice che non si sono iscritti al concorso?<\/h3>\r\n\t\t<div class=\"fw-accordion-content\">\r\n\t\t\t<p><p>No. Gli alunni non iscritti non hanno partecipato al concorso e quindi non possono prendere parte all\u2019uscita premio.<\/p><\/p>\r\n\t\t<\/div>\r\n\t\t\t<h3 class=\"fw-accordion-title font-subheading\">Uno studente di quinta pu\u00f2 leggere anche i libri per la sesta (e viceversa)?<\/h3>\r\n\t\t<div class=\"fw-accordion-content\">\r\n\t\t\t<p><p>Certo, puoi leggere qualsiasi libro desideri, ma attenzione! Ai fini del concorso si considerano solo i titoli gi\u00e0 stabiliti per il tuo gruppo d\u2019et\u00e0.<\/p><\/p>\r\n\t\t<\/div>\r\n\t\t\t<h3 class=\"fw-accordion-title font-subheading\">Mio figlio pu\u00f2 partecipare al concorso se la classe non raggiunge il numero minimo di iscritti?<\/h3>\r\n\t\t<div class=\"fw-accordion-content\">\r\n\t\t\t<p><p data-start=\"2279\" data-end=\"2579\">Gli alunni non possono iscriversi come singoli, perch\u00e9 lo scopo del concorso \u00e8 incoraggiare la lettura anche tra chi di solito non legge volentieri.<br data-start=\"2427\" data-end=\"2430\">Deve iscriversi un numero sufficiente di alunni della classe affinch\u00e9 la classe possa partecipare e concorrere al premio di gruppo \u2013 l\u2019uscita finale.<\/p><p data-start=\"2581\" data-end=\"2718\">Naturalmente alla fine del concorso vengono premiati anche i singoli studenti che hanno letto pi\u00f9 libri o scritto le migliori recensioni.<\/p><\/p>\r\n\t\t<\/div>\r\n\t<\/div><\/div>\r\n\t\t<\/div>\r\n\t<\/div>\r\n\t<\/section>\r\n\n","protected":false},"excerpt":{"rendered":"<p>Posso pubblicare i commenti sul sito da casa? S\u00ec, \u00e8 consigliabile pubblicare commenti, opinioni e valutazioni gi\u00e0 da casa. Per pubblicare devi essere registrato. Quando inserisci un\u2019opinione, devi anche aggiungere la valutazione con le stelline e viceversa. Posso svolgere i quiz da casa? S\u00ec, tutti i quiz possono essere svolti da casa, a meno che&#8230;<\/p>\n","protected":false},"author":1,"featured_media":0,"parent":0,"menu_order":0,"comment_status":"closed","ping_status":"closed","template":"","meta":{"_acf_changed":false,"ngg_post_thumbnail":0,"footnotes":""},"class_list":["post-9081","page","type-page","status-publish","hentry"],"acf":[],"_links":{"self":[{"href":"https:\/\/www.bralnotekmovanje.si\/it\/wp-json\/wp\/v2\/pages\/9081","targetHints":{"allow":["GET"]}}],"collection":[{"href":"https:\/\/www.bralnotekmovanje.si\/it\/wp-json\/wp\/v2\/pages"}],"about":[{"href":"https:\/\/www.bralnotekmovanje.si\/it\/wp-json\/wp\/v2\/types\/page"}],"author":[{"embeddable":true,"href":"https:\/\/www.bralnotekmovanje.si\/it\/wp-json\/wp\/v2\/users\/1"}],"replies":[{"embeddable":true,"href":"https:\/\/www.bralnotekmovanje.si\/it\/wp-json\/wp\/v2\/comments?post=9081"}],"version-history":[{"count":5,"href":"https:\/\/www.bralnotekmovanje.si\/it\/wp-json\/wp\/v2\/pages\/9081\/revisions"}],"predecessor-version":[{"id":9086,"href":"https:\/\/www.bralnotekmovanje.si\/it\/wp-json\/wp\/v2\/pages\/9081\/revisions\/9086"}],"wp:attachment":[{"href":"https:\/\/www.bralnotekmovanje.si\/it\/wp-json\/wp\/v2\/media?parent=9081"}],"curies":[{"name":"wp","href":"https:\/\/api.w.org\/{rel}","templated":true}]}}