{"id":8951,"date":"2023-07-21T11:49:49","date_gmt":"2023-07-21T09:49:49","guid":{"rendered":"https:\/\/www.bralnotekmovanje.si\/?page_id=8951"},"modified":"2025-11-27T13:56:39","modified_gmt":"2025-11-27T12:56:39","slug":"indicazioni","status":"publish","type":"page","link":"https:\/\/www.bralnotekmovanje.si\/it\/indicazioni\/","title":{"rendered":"Indicazioni"},"content":{"rendered":"<p>\r\n<section class=\"pos-r  \"  id=\"shortcode-d3d8750b8188b2f6b8294e85bc0ccbc5\" >\r\n\t\t\t<div class=\"overlay-color\"><\/div>\r\n\t\t<div class=\"fw-container\">\r\n\t\t<div class=\"fw-row\">\r\n\t\t\t<div id=\"shortcode-918d647d8491025939e4cc04b55b579f\" class=\"fw-col-xs-12 fw-col-sm-12 fw-col-md-12 text-left \" >\r\n\t<div class=\"SpecialHeading fw-heading  text-left mt-20 mb-60  \" id=\"shortcode-a9d4bc8d0b3484257b39d71c20ea35f0\" >\r\n\t\t\t\t\t<h1 class=\"special-title special-heading-letter\">Indicazioni<\/h1>\t\t<div class=\"special-subtitle\">Consigli per scrivere il riassunto e la recensione del libro<\/div>\r\n\t<\/div><\/div>\r\n\t\t<\/div>\r\n\t<\/div>\r\n\t<\/section>\r\n\r\n<section class=\"pos-r  \"  id=\"shortcode-29929a3a42de51574892ee528dc7712b\" >\r\n\t\t<div class=\"fw-container\">\r\n\t\t<div class=\"fw-row\">\r\n\t\t\t<div id=\"shortcode-fad814081ee4f921ed5a1e0cb7d0ae8c\" class=\"fw-col-xs-12 fw-col-sm-12 fw-col-md-12 text-left \" >\r\n\t\r\n\r\n<div class=\"TextBlock  \" id=\"shortcode-eb6fe3379f17596acee0b67d72b3881f\" >\r\n\t<p>I giovani lettori spesso confondono il riassunto con la recensione del libro, tuttavia scrivere una recensione \u00e8 un processo completamente diverso rispetto alla stesnitvi obnove.<br data-start=\"292\" data-end=\"295\">Il riassunto si osredoto\u010da na vsebino e zgradbo knjige, mentre la recensione ha un compito del tutto diverso.<br data-start=\"410\" data-end=\"413\">Di solito \u00e8 lo scopo della recensione aiutare gli altri lettori pri izbiri oziroma pri odlo\u010danju, se naj bi knjigo prebrali ali ne.<br data-start=\"552\" data-end=\"555\">Hkrati pa una recensione mostra tudi to, da ste knjigo sami tudi res prebrali.<\/p><\/div>\r\n\r\n<div class=\"spacer \" id=\"shortcode-37d8dcfb735dbf1b36c85b10faa85a2f\"><\/div>\r\n\r\n<div class=\"fw-accordion  \" id=\"shortcode-8458ff5b8990cc75c2992824375d2ad1\" >\r\n\t\t\t<h3 class=\"fw-accordion-title font-subheading\">Che cos\u2019\u00e8 una recensione del libro?<\/h3>\r\n\t\t<div class=\"fw-accordion-content\">\r\n\t\t\t<p><p>Le recensioni sono brevi sguardi all\u2019interno del libro e non suoi riassunti. Con una recensione diamo solo una breve occhiata al contenuto, certamente non si tratta del riepilogo dell\u2019intera storia. Come i piacevoli e invitanti profumi che arrivano dalla cucina, le recensioni dei libri invitano i lettori ad assaggiare il libro intero. Se \u201cpreparate\u201d una buona recensione, potete stimolare l\u2019appetito di lettura degli altri amanti dei libri. Se un libro vi \u00e8 piaciuto, cercate con una recensione ben fatta di convincere i compagni e i coetanei a leggerlo anche loro.<\/p><\/p>\r\n\t\t<\/div>\r\n\t\t\t<h3 class=\"fw-accordion-title font-subheading\">A cosa devi pensare quando assegni le stelle:<\/h3>\r\n\t\t<div class=\"fw-accordion-content\">\r\n\t\t\t<p><p>Quando assegni le stelle, tieni conto di come ti \u00e8 sembrato il libro rispetto a libri simili che hai gi\u00e0 letto. Non confrontare un romanzo lungo con una raccolta di poesie. Un confronto del genere non \u00e8 giustificato, n\u00e9 fondato.<br \/>\u00c8 importante ricordare che non diamo cinque stelle solo al miglior libro mai scritto.<\/p><ul><li>5 stelle: Sono contento di aver letto il libro, mi \u00e8 piaciuto moltissimo (il che non significa che sia anche il mio libro preferito).<\/li><li>4 stelle: Mi \u00e8 piaciuto. Valeva la pena leggerlo.<\/li><li>3 stelle: Il libro \u00e8 stato nella media, n\u00e9 bello n\u00e9 brutto.<\/li><li>2 stelle: Il libro non mi \u00e8 piaciuto molto.<\/li><li>1 stella: Il libro non mi \u00e8 piaciuto per niente.<\/li><\/ul><\/p>\r\n\t\t<\/div>\r\n\t\t\t<h3 class=\"fw-accordion-title font-subheading\">Come scrivere una buona recensione?<\/h3>\r\n\t\t<div class=\"fw-accordion-content\">\r\n\t\t\t<p><p>Quando scrivi una recensione prova a rispondere alle seguenti domande:<\/p><ol><li>Di che cosa parla il libro? Non \u00e8 necessario riassumere tutta la storia \u2013 esprimi solo l\u2019idea o il contenuto principale.<\/li><li>Pensi che il libro potrebbe piacere anche agli altri? Per esempio ai tuoi compagni di classe o amici.<\/li><li>Il libro \u00e8 stato divertente oppure triste?<\/li><li>Hai imparato qualcosa leggendo questo libro?<\/li><li>Il libro \u00e8 stato interessante?<\/li><li>Ti piacerebbe magari rileggerlo ancora una volta?<\/li><li>Ti piacerebbe leggere anche altri libri dello stesso autore o altri libri con un tema simile?<\/li><li>Qual \u00e8 stata la tua parte preferita della storia? Che cosa ti ha colpito di pi\u00f9 nel libro?<\/li><li>Ti sono piaciute le illustrazioni?<\/li><\/ol><p>Ricorda, <strong>non svelare mai il finale della storia<\/strong>! Lascialo come sorpresa per i futuri lettori.<br \/>Nella tua opinione puoi usare anche una breve citazione dal libro, con la quale illustri l\u2019essenza della storia.<br \/>Alla tua recensione aggiungi anche una conclusione, per completare il tuo giudizio. La conclusione pu\u00f2 essere anche una sola frase. Per esempio: In generale il libro \u00e8 un\u2019ottima scelta per tutti quelli che\u2026<\/p><\/p>\r\n\t\t<\/div>\r\n\t<\/div><\/div>\r\n\t\t<\/div>\r\n\t<\/div>\r\n\t<\/section>\r\n\r\n<section class=\"pos-r  \"  id=\"shortcode-56b7be92b08b49eef018c8e9a46b6078\" >\r\n\t\t<div class=\"fw-container\">\r\n\t\t<div class=\"fw-row\">\r\n\t\t\t<div class=\"SpecialHeading fw-heading  text-center mt-20 mb-60  \" id=\"shortcode-7619e01276824ec92d29271366554c98\" >\r\n\t\t\t\t\t<h1 class=\"special-title special-heading-letter\">Linee guida per scrivere il riassunto<\/h1>\t<\/div><div id=\"shortcode-f404e8315e5663ae816505904116f715\" class=\"fw-col-xs-12 fw-col-sm-12 fw-col-md-12 text-left \" >\r\n\t\r\n\r\n<div class=\"fw-accordion  \" id=\"shortcode-a77221c6c58e24a3bf601e8a45332520\" >\r\n\t\t\t<h3 class=\"fw-accordion-title font-subheading\">Dati<\/h3>\r\n\t\t<div class=\"fw-accordion-content\">\r\n\t\t\t<p><p>Indica il titolo del libro e l\u2019autore. Perch\u00e9 hai scelto proprio questo libro? Ti \u00e8 sembrato interessante il titolo oppure ti ha attirato qualcos\u2019altro? Descrivi il motivo della tua scelta.<\/p><\/p>\r\n\t\t<\/div>\r\n\t\t\t<h3 class=\"fw-accordion-title font-subheading\">Ambientazione<\/h3>\r\n\t\t<div class=\"fw-accordion-content\">\r\n\t\t\t<p><p>Dove si svolgeva la storia? In citt\u00e0 o in campagna? Era un luogo inventato oppure reale? Fornisci una descrizione dettagliata dell\u2019ambiente o del luogo.<\/p><\/p>\r\n\t\t<\/div>\r\n\t\t\t<h3 class=\"fw-accordion-title font-subheading\">Tempo<\/h3>\r\n\t\t<div class=\"fw-accordion-content\">\r\n\t\t\t<p><p>Quando si svolge la storia? Nel presente, nel passato recente o nel lontano passato?<br data-start=\"196\" data-end=\"199\">Oppure la storia \u00e8 ambientata nel futuro?<\/p><\/p>\r\n\t\t<\/div>\r\n\t\t\t<h3 class=\"fw-accordion-title font-subheading\">Personaggi \/ protagonisti<\/h3>\r\n\t\t<div class=\"fw-accordion-content\">\r\n\t\t\t<p><p>Di chi parla la storia? C\u2019\u00e8 un solo protagonista oppure ce ne sono diversi?<br data-start=\"203\" data-end=\"206\">Quando descrivi i personaggi, includi anche i loro nomi e il loro aspetto.<\/p><\/p>\r\n\t\t<\/div>\r\n\t\t\t<h3 class=\"fw-accordion-title font-subheading\">Trama<\/h3>\r\n\t\t<div class=\"fw-accordion-content\">\r\n\t\t\t<p><p>Che cosa \u00e8 accaduto? I personaggi della storia si sono forse trovati di fronte a qualche difficolt\u00e0 che hanno cercato di risolvere? I protagonisti si sono magari avventurati in qualche impresa? Descrivi che cosa \u00e8 successo all\u2019inizio, a met\u00e0 e alla fine della storia.<br \/>A questo proposito pu\u00f2 esserti utile lo schema mentale riportato sopra.<\/p><\/p>\r\n\t\t<\/div>\r\n\t\t\t<h3 class=\"fw-accordion-title font-subheading\">I tuoi pensieri<\/h3>\r\n\t\t<div class=\"fw-accordion-content\">\r\n\t\t\t<p><p>Ti \u00e8 piaciuto il libro? Spiega perch\u00e9 ti \u00e8 piaciuto oppure perch\u00e9 non ti \u00e8 piaciuto. Racconta come ti sei sentito durante la lettura \u2013 felice, triste, entusiasta. Consiglieresti il libro anche ai tuoi amici o compagni di classe?<\/p><\/p>\r\n\t\t<\/div>\r\n\t\t\t<h3 class=\"fw-accordion-title font-subheading\">Conclusione<\/h3>\r\n\t\t<div class=\"fw-accordion-content\">\r\n\t\t\t<p><p>Quando hai terminato di scrivere il riassunto, rileggi tutto con attenzione e controlla se ci sono errori grammaticali.<\/p><\/p>\r\n\t\t<\/div>\r\n\t<\/div><\/div>\r\n\t\t<\/div>\r\n\t<\/div>\r\n\t<\/section>\r\n<\/p>\n","protected":false},"excerpt":{"rendered":"<p>Indicazioni Consigli per scrivere il riassunto e la recensione del libro I giovani lettori spesso confondono il riassunto con la recensione del libro, tuttavia scrivere una recensione \u00e8 un processo completamente diverso rispetto alla stesnitvi obnove.Il riassunto si osredoto\u010da na vsebino e zgradbo knjige, mentre la recensione ha un compito del tutto diverso.Di solito \u00e8&#8230;<\/p>\n","protected":false},"author":1,"featured_media":0,"parent":0,"menu_order":0,"comment_status":"closed","ping_status":"closed","template":"","meta":{"_acf_changed":false,"ngg_post_thumbnail":0,"footnotes":""},"class_list":["post-8951","page","type-page","status-publish","hentry"],"acf":[],"_links":{"self":[{"href":"https:\/\/www.bralnotekmovanje.si\/it\/wp-json\/wp\/v2\/pages\/8951","targetHints":{"allow":["GET"]}}],"collection":[{"href":"https:\/\/www.bralnotekmovanje.si\/it\/wp-json\/wp\/v2\/pages"}],"about":[{"href":"https:\/\/www.bralnotekmovanje.si\/it\/wp-json\/wp\/v2\/types\/page"}],"author":[{"embeddable":true,"href":"https:\/\/www.bralnotekmovanje.si\/it\/wp-json\/wp\/v2\/users\/1"}],"replies":[{"embeddable":true,"href":"https:\/\/www.bralnotekmovanje.si\/it\/wp-json\/wp\/v2\/comments?post=8951"}],"version-history":[{"count":5,"href":"https:\/\/www.bralnotekmovanje.si\/it\/wp-json\/wp\/v2\/pages\/8951\/revisions"}],"predecessor-version":[{"id":9303,"href":"https:\/\/www.bralnotekmovanje.si\/it\/wp-json\/wp\/v2\/pages\/8951\/revisions\/9303"}],"wp:attachment":[{"href":"https:\/\/www.bralnotekmovanje.si\/it\/wp-json\/wp\/v2\/media?parent=8951"}],"curies":[{"name":"wp","href":"https:\/\/api.w.org\/{rel}","templated":true}]}}